{"id":1208,"date":"2023-11-15T16:23:00","date_gmt":"2023-11-15T14:23:00","guid":{"rendered":"https:\/\/www.artelatum.com\/?page_id=1208"},"modified":"2023-11-15T16:23:21","modified_gmt":"2023-11-15T14:23:21","slug":"neuigkeiten","status":"publish","type":"page","link":"https:\/\/www.artelatum.com\/de\/neuigkeiten\/","title":{"rendered":"Neuigkeiten"},"content":{"rendered":"<ul class=\"wp-block-latest-posts__list wp-block-latest-posts\"><li><a class=\"wp-block-latest-posts__post-title\" href=\"https:\/\/www.artelatum.com\/de\/post-merger-integration-nach-deutsch-franzoesischer-ma-die-management-review-als-erfolgsfaktor\/\">Post Merger Integration nach deutsch-franz\u00f6sischer M&#038;A: die Management Review als Erfolgsfaktor<\/a><\/li>\n<li><a class=\"wp-block-latest-posts__post-title\" href=\"https:\/\/www.artelatum.com\/de\/diamantene-hochzeit-oder-lieber-allein-als-in-schlechter-gesellschaft-60-jahre-elysee-vertrag\/\">Diamantene Hochzeit oder lieber allein als in schlechter Gesellschaft? 60 Jahre \u00c9lys\u00e9e-Vertrag<\/a><\/li>\n<li><a class=\"wp-block-latest-posts__post-title\" href=\"https:\/\/www.artelatum.com\/de\/die-paritaet-eine-achse-der-wettbewerbsfaehigkeit-fuer-unsere-franzoesischen-unternehmen\/\">Die Parit\u00e4t: eine Achse der Wettbewerbsf\u00e4higkeit f\u00fcr franz\u00f6sischen Unternehmen<\/a><\/li>\n<\/ul>","protected":false},"excerpt":{"rendered":"","protected":false},"author":1,"featured_media":0,"parent":0,"menu_order":0,"comment_status":"closed","ping_status":"closed","template":"","meta":{"_uag_custom_page_level_css":"","site-sidebar-layout":"default","site-content-layout":"","ast-site-content-layout":"default","site-content-style":"default","site-sidebar-style":"default","ast-global-header-display":"","ast-banner-title-visibility":"","ast-main-header-display":"","ast-hfb-above-header-display":"","ast-hfb-below-header-display":"","ast-hfb-mobile-header-display":"","site-post-title":"","ast-breadcrumbs-content":"","ast-featured-img":"","footer-sml-layout":"","theme-transparent-header-meta":"default","adv-header-id-meta":"","stick-header-meta":"default","header-above-stick-meta":"","header-main-stick-meta":"","header-below-stick-meta":"","astra-migrate-meta-layouts":"set","footnotes":""},"class_list":["post-1208","page","type-page","status-publish","hentry"],"uagb_featured_image_src":{"full":false,"thumbnail":false,"medium":false,"medium_large":false,"large":false,"1536x1536":false,"2048x2048":false},"uagb_author_info":{"display_name":"admin","author_link":"https:\/\/www.artelatum.com\/de\/author\/admin\/"},"uagb_comment_info":0,"uagb_excerpt":null,"_links":{"self":[{"href":"https:\/\/www.artelatum.com\/de\/wp-json\/wp\/v2\/pages\/1208","targetHints":{"allow":["GET"]}}],"collection":[{"href":"https:\/\/www.artelatum.com\/de\/wp-json\/wp\/v2\/pages"}],"about":[{"href":"https:\/\/www.artelatum.com\/de\/wp-json\/wp\/v2\/types\/page"}],"author":[{"embeddable":true,"href":"https:\/\/www.artelatum.com\/de\/wp-json\/wp\/v2\/users\/1"}],"replies":[{"embeddable":true,"href":"https:\/\/www.artelatum.com\/de\/wp-json\/wp\/v2\/comments?post=1208"}],"version-history":[{"count":2,"href":"https:\/\/www.artelatum.com\/de\/wp-json\/wp\/v2\/pages\/1208\/revisions"}],"predecessor-version":[{"id":1210,"href":"https:\/\/www.artelatum.com\/de\/wp-json\/wp\/v2\/pages\/1208\/revisions\/1210"}],"wp:attachment":[{"href":"https:\/\/www.artelatum.com\/de\/wp-json\/wp\/v2\/media?parent=1208"}],"curies":[{"name":"wp","href":"https:\/\/api.w.org\/{rel}","templated":true}]}}