{"id":186,"date":"2023-08-23T14:38:04","date_gmt":"2023-08-23T12:38:04","guid":{"rendered":"https:\/\/www.artelatum.com\/executive-search\/"},"modified":"2023-09-09T14:25:12","modified_gmt":"2023-09-09T12:25:12","slug":"executive-search","status":"publish","type":"page","link":"https:\/\/www.artelatum.com\/de\/executive-search\/","title":{"rendered":"Executive Search"},"content":{"rendered":"\n<figure class=\"wp-block-image alignfull size-large\"><img loading=\"lazy\" decoding=\"async\" width=\"1024\" height=\"683\" src=\"https:\/\/www.artelatum.com\/wp-content\/uploads\/2023\/09\/Executive-Search-iStock-1483160149-1024x683.jpg\" alt=\"\" class=\"wp-image-671\" srcset=\"https:\/\/www.artelatum.com\/wp-content\/uploads\/2023\/09\/Executive-Search-iStock-1483160149-1024x683.jpg 1024w, https:\/\/www.artelatum.com\/wp-content\/uploads\/2023\/09\/Executive-Search-iStock-1483160149-300x200.jpg 300w, https:\/\/www.artelatum.com\/wp-content\/uploads\/2023\/09\/Executive-Search-iStock-1483160149-768x512.jpg 768w, https:\/\/www.artelatum.com\/wp-content\/uploads\/2023\/09\/Executive-Search-iStock-1483160149-1536x1024.jpg 1536w, https:\/\/www.artelatum.com\/wp-content\/uploads\/2023\/09\/Executive-Search-iStock-1483160149-2048x1365.jpg 2048w\" sizes=\"auto, (max-width: 1024px) 100vw, 1024px\" \/><\/figure>\n\n\n\n<div style=\"height:30px\" aria-hidden=\"true\" class=\"wp-block-spacer\"><\/div>\n\n\n\n<p>F\u00fchrungskr\u00e4fte beeinflussen die wichtigsten Entscheidungen des Unternehmens. Es ist ihre Wirkung, die den Erfolg des Businessplans bestimmen wird.<\/p>\n\n\n\n<p>Die Einstellung einer F\u00fchrungskraft ist von entscheidender Bedeutung. Es ist dieselbe F\u00fchrungskraft, die den gr\u00f6\u00dften Einfluss auf strategische Entscheidungen, die Unternehmensf\u00fchrung und die Teamleitung hat.<\/p>\n\n\n\n<p>Um dieser Herausforderung gerecht zu werden, ist der Ansatz von arteLatum Executive Consulting strukturiert, sehr gr\u00fcndlich und sich der gro\u00dfen kontextuellen Herausforderungen des Momentums bewusst:<\/p>\n\n\n\n<p>Gesundheits-, Umwelt-, Klima- und Wirtschaftskrise, die die Anspr\u00fcche unserer Kunden und damit auch unsere eigenen noch weiter erh\u00f6ht hat.<\/p>\n\n\n\n<p>Transformationsziele, einschlie\u00dflich externen Wachstums, die sich erwiesenerma\u00dfen weiterentwickelt haben.<\/p>\n\n\n\n<p>Managementerwartungen an ein erfolgreiches F\u00fchrungsteam, die sich ge\u00e4ndert haben und die Agilit\u00e4t zur Kernkompetenz der in Krisensituationen erwarteten Kompetenzen machen.<\/p>\n\n\n\n<p>Unsere Kunden finden bei arteLatum Executive Consulting eine langfristige Beratung durch einen vertrauensw\u00fcrdigen Fachmann.<\/p>\n\n\n\n<p>Mit einem von Ihren Zielen ausgearbeiteten Ansatz identifizieren, bewerten und gewinnen wir f\u00fcr Sie die besten Managementtalente, schwer zu erreichende Profile auf dem H\u00f6hepunkt ihrer Kunst, f\u00fcr Profile als CEO, CFO, HRD, DCM, COO, CMO, CLO, COO, CPO, CTO, Country Manager, Investment Manager oder operating partner.<\/p>\n\n\n\n<p>Auf der deutsch-franz\u00f6sischen Achse sind erfolgreiche Kandidaten rar und anspruchsvoll, wenn es darum geht, ihr Amt aufzugeben und ein anderes zu \u00fcbernehmen. Wir verbringen viel Zeit mit ihnen, um sie davon zu \u00fcberzeugen, sich Ihnen anzuschlie\u00dfen, da wir davon \u00fcberzeugt sind, dass dies der beste Schritt f\u00fcr sie ist.<\/p>\n\n\n\n<p>Dank unserer langj\u00e4hrigen Erfahrung mit Branchen und M\u00e4rkten in Europa auf allen Positionsebenen sind wir in der Lage, objektiv auf Ihre Bed\u00fcrfnisse einzugehen.<\/p>\n\n\n\n<p>Wenn er\/sie zu Ihnen kommt, ist der\/die ausgew\u00e4hlte Leiter\/in sowohl ausgerichtet als auch motiviert. Sie\/er wei\u00df, wie sie\/er am besten auf Ihre Herausforderungen und strategischen Ziele eingeht.<\/p>\n","protected":false},"excerpt":{"rendered":"<p>F\u00fchrungskr\u00e4fte beeinflussen die wichtigsten Entscheidungen des Unternehmens. Es ist ihre Wirkung, die den Erfolg des Businessplans bestimmen wird. Die Einstellung einer F\u00fchrungskraft ist von entscheidender Bedeutung. Es ist dieselbe F\u00fchrungskraft, die den gr\u00f6\u00dften Einfluss auf strategische Entscheidungen, die Unternehmensf\u00fchrung und die Teamleitung hat. Um dieser Herausforderung gerecht zu werden, ist der Ansatz von arteLatum Executive &hellip;<\/p>\n<p class=\"read-more\"> <a class=\"\" href=\"https:\/\/www.artelatum.com\/de\/executive-search\/\"> <span class=\"screen-reader-text\">Executive Search<\/span> Read More \u00bb<\/a><\/p>\n","protected":false},"author":1,"featured_media":0,"parent":0,"menu_order":0,"comment_status":"closed","ping_status":"closed","template":"","meta":{"_uag_custom_page_level_css":"","site-sidebar-layout":"default","site-content-layout":"","ast-site-content-layout":"narrow-width-container","site-content-style":"default","site-sidebar-style":"default","ast-global-header-display":"","ast-banner-title-visibility":"","ast-main-header-display":"","ast-hfb-above-header-display":"","ast-hfb-below-header-display":"","ast-hfb-mobile-header-display":"","site-post-title":"","ast-breadcrumbs-content":"","ast-featured-img":"","footer-sml-layout":"","theme-transparent-header-meta":"","adv-header-id-meta":"","stick-header-meta":"","header-above-stick-meta":"","header-main-stick-meta":"","header-below-stick-meta":"","astra-migrate-meta-layouts":"","footnotes":""},"class_list":["post-186","page","type-page","status-publish","hentry"],"uagb_featured_image_src":{"full":false,"thumbnail":false,"medium":false,"medium_large":false,"large":false,"1536x1536":false,"2048x2048":false},"uagb_author_info":{"display_name":"admin","author_link":"https:\/\/www.artelatum.com\/de\/author\/admin\/"},"uagb_comment_info":0,"uagb_excerpt":"F\u00fchrungskr\u00e4fte beeinflussen die wichtigsten Entscheidungen des Unternehmens. Es ist ihre Wirkung, die den Erfolg des Businessplans bestimmen wird. Die Einstellung einer F\u00fchrungskraft ist von entscheidender Bedeutung. Es ist dieselbe F\u00fchrungskraft, die den gr\u00f6\u00dften Einfluss auf strategische Entscheidungen, die Unternehmensf\u00fchrung und die Teamleitung hat. Um dieser Herausforderung gerecht zu werden, ist der Ansatz von arteLatum Executive&hellip;","_links":{"self":[{"href":"https:\/\/www.artelatum.com\/de\/wp-json\/wp\/v2\/pages\/186","targetHints":{"allow":["GET"]}}],"collection":[{"href":"https:\/\/www.artelatum.com\/de\/wp-json\/wp\/v2\/pages"}],"about":[{"href":"https:\/\/www.artelatum.com\/de\/wp-json\/wp\/v2\/types\/page"}],"author":[{"embeddable":true,"href":"https:\/\/www.artelatum.com\/de\/wp-json\/wp\/v2\/users\/1"}],"replies":[{"embeddable":true,"href":"https:\/\/www.artelatum.com\/de\/wp-json\/wp\/v2\/comments?post=186"}],"version-history":[{"count":14,"href":"https:\/\/www.artelatum.com\/de\/wp-json\/wp\/v2\/pages\/186\/revisions"}],"predecessor-version":[{"id":776,"href":"https:\/\/www.artelatum.com\/de\/wp-json\/wp\/v2\/pages\/186\/revisions\/776"}],"wp:attachment":[{"href":"https:\/\/www.artelatum.com\/de\/wp-json\/wp\/v2\/media?parent=186"}],"curies":[{"name":"wp","href":"https:\/\/api.w.org\/{rel}","templated":true}]}}