{"id":199,"date":"2023-08-23T14:38:21","date_gmt":"2023-08-23T12:38:21","guid":{"rendered":"https:\/\/www.artelatum.com\/board-and-ceo-services\/"},"modified":"2023-09-09T14:31:33","modified_gmt":"2023-09-09T12:31:33","slug":"board-and-ceo-services","status":"publish","type":"page","link":"https:\/\/www.artelatum.com\/de\/board-and-ceo-services\/","title":{"rendered":"Board Services"},"content":{"rendered":"\n<figure class=\"wp-block-image alignfull\"><img loading=\"lazy\" decoding=\"async\" width=\"2309\" height=\"1299\" src=\"https:\/\/www.artelatum.com\/wp-content\/uploads\/2023\/09\/Board-Services-iStock-487706006.jpg\" alt=\"\" class=\"wp-image-655\" srcset=\"https:\/\/www.artelatum.com\/wp-content\/uploads\/2023\/09\/Board-Services-iStock-487706006.jpg 2309w, https:\/\/www.artelatum.com\/wp-content\/uploads\/2023\/09\/Board-Services-iStock-487706006-300x169.jpg 300w, https:\/\/www.artelatum.com\/wp-content\/uploads\/2023\/09\/Board-Services-iStock-487706006-1024x576.jpg 1024w, https:\/\/www.artelatum.com\/wp-content\/uploads\/2023\/09\/Board-Services-iStock-487706006-768x432.jpg 768w, https:\/\/www.artelatum.com\/wp-content\/uploads\/2023\/09\/Board-Services-iStock-487706006-1536x864.jpg 1536w, https:\/\/www.artelatum.com\/wp-content\/uploads\/2023\/09\/Board-Services-iStock-487706006-2048x1152.jpg 2048w\" sizes=\"auto, (max-width: 2309px) 100vw, 2309px\" \/><\/figure>\n\n\n\n<div style=\"height:30px\" aria-hidden=\"true\" class=\"wp-block-spacer\"><\/div>\n\n\n\n<p>Sie leiten einen Verwaltungsrat und m\u00f6chten ihn effizienter machen?<\/p>\n\n\n\n<p>Die Erwartungen an den Vorstand machen seine Verantwortung zu einer zentralen Herausforderung: Der Vorstand muss die n\u00f6tige Distanz haben, um die besten Entscheidungen f\u00fcr die Zukunft des Unternehmens treffen zu k\u00f6nnen, und gleichzeitig das Tagesgesch\u00e4ft gut f\u00fchren.<\/p>\n\n\n\n<p>Wir helfen unseren Kunden, die Arbeit des Verwaltungsrats zu optimieren, indem wir an seiner Seite t\u00e4tig werden, um insbesondere<\/p>\n\n\n\n<p><strong>Rekrutierung <\/strong>zuk\u00fcnftiger unabh\u00e4ngiger Direktoren, die durch ihre Expertise einen bedeutenden Beitrag zum Erfolg des Unternehmens leisten k\u00f6nnen<\/p>\n\n\n\n<p><br><strong>Bewertung der<\/strong>Kandidatur bereits identifizierter zuk\u00fcnftiger unabh\u00e4ngiger Direktoren<\/p>\n\n\n\n<p><br><strong>Verbesserung der Interaktion mit dem\/der CEO<\/strong> oder dem\/der Gesch\u00e4ftsf\u00fchrer\/in<br>Planung der Nachfolge im Vorstand<\/p>\n\n\n\n<p><br><strong>Verbesserung der kollektiven Arbeit <\/strong>des Verwaltungsrats durch L\u00f6sungsorientierung (Teamcoaching), um die Herausforderungen zu bew\u00e4ltigen: Strukturierung der Entscheidungsprozesse, Verbesserung des Kommunikationsflusses, Kl\u00e4rung individueller Fragen, um die Entstehung einer gemeinsamen Vision zu optimieren.<\/p>\n","protected":false},"excerpt":{"rendered":"<p>Sie leiten einen Verwaltungsrat und m\u00f6chten ihn effizienter machen? Die Erwartungen an den Vorstand machen seine Verantwortung zu einer zentralen Herausforderung: Der Vorstand muss die n\u00f6tige Distanz haben, um die besten Entscheidungen f\u00fcr die Zukunft des Unternehmens treffen zu k\u00f6nnen, und gleichzeitig das Tagesgesch\u00e4ft gut f\u00fchren. Wir helfen unseren Kunden, die Arbeit des Verwaltungsrats zu &hellip;<\/p>\n<p class=\"read-more\"> <a class=\"\" href=\"https:\/\/www.artelatum.com\/de\/board-and-ceo-services\/\"> <span class=\"screen-reader-text\">Board Services<\/span> Read More \u00bb<\/a><\/p>\n","protected":false},"author":1,"featured_media":0,"parent":0,"menu_order":0,"comment_status":"closed","ping_status":"closed","template":"","meta":{"_uag_custom_page_level_css":"","site-sidebar-layout":"default","site-content-layout":"","ast-site-content-layout":"narrow-width-container","site-content-style":"default","site-sidebar-style":"default","ast-global-header-display":"","ast-banner-title-visibility":"","ast-main-header-display":"","ast-hfb-above-header-display":"","ast-hfb-below-header-display":"","ast-hfb-mobile-header-display":"","site-post-title":"","ast-breadcrumbs-content":"","ast-featured-img":"","footer-sml-layout":"","theme-transparent-header-meta":"","adv-header-id-meta":"","stick-header-meta":"","header-above-stick-meta":"","header-main-stick-meta":"","header-below-stick-meta":"","astra-migrate-meta-layouts":"","footnotes":""},"class_list":["post-199","page","type-page","status-publish","hentry"],"uagb_featured_image_src":{"full":false,"thumbnail":false,"medium":false,"medium_large":false,"large":false,"1536x1536":false,"2048x2048":false},"uagb_author_info":{"display_name":"admin","author_link":"https:\/\/www.artelatum.com\/de\/author\/admin\/"},"uagb_comment_info":0,"uagb_excerpt":"Sie leiten einen Verwaltungsrat und m\u00f6chten ihn effizienter machen? Die Erwartungen an den Vorstand machen seine Verantwortung zu einer zentralen Herausforderung: Der Vorstand muss die n\u00f6tige Distanz haben, um die besten Entscheidungen f\u00fcr die Zukunft des Unternehmens treffen zu k\u00f6nnen, und gleichzeitig das Tagesgesch\u00e4ft gut f\u00fchren. Wir helfen unseren Kunden, die Arbeit des Verwaltungsrats zu&hellip;","_links":{"self":[{"href":"https:\/\/www.artelatum.com\/de\/wp-json\/wp\/v2\/pages\/199","targetHints":{"allow":["GET"]}}],"collection":[{"href":"https:\/\/www.artelatum.com\/de\/wp-json\/wp\/v2\/pages"}],"about":[{"href":"https:\/\/www.artelatum.com\/de\/wp-json\/wp\/v2\/types\/page"}],"author":[{"embeddable":true,"href":"https:\/\/www.artelatum.com\/de\/wp-json\/wp\/v2\/users\/1"}],"replies":[{"embeddable":true,"href":"https:\/\/www.artelatum.com\/de\/wp-json\/wp\/v2\/comments?post=199"}],"version-history":[{"count":6,"href":"https:\/\/www.artelatum.com\/de\/wp-json\/wp\/v2\/pages\/199\/revisions"}],"predecessor-version":[{"id":784,"href":"https:\/\/www.artelatum.com\/de\/wp-json\/wp\/v2\/pages\/199\/revisions\/784"}],"wp:attachment":[{"href":"https:\/\/www.artelatum.com\/de\/wp-json\/wp\/v2\/media?parent=199"}],"curies":[{"name":"wp","href":"https:\/\/api.w.org\/{rel}","templated":true}]}}