{"id":213,"date":"2023-08-23T14:37:35","date_gmt":"2023-08-23T12:37:35","guid":{"rendered":"https:\/\/www.artelatum.com\/interim-management\/"},"modified":"2023-10-23T19:28:29","modified_gmt":"2023-10-23T17:28:29","slug":"interim-management","status":"publish","type":"page","link":"https:\/\/www.artelatum.com\/de\/interim-management\/","title":{"rendered":"Interim Management"},"content":{"rendered":"\n<figure class=\"wp-block-image size-large\"><img loading=\"lazy\" decoding=\"async\" width=\"1024\" height=\"683\" src=\"https:\/\/www.artelatum.com\/wp-content\/uploads\/2023\/10\/interim-1024x683.png\" alt=\"\" class=\"wp-image-1128\" srcset=\"https:\/\/www.artelatum.com\/wp-content\/uploads\/2023\/10\/interim-1024x683.png 1024w, https:\/\/www.artelatum.com\/wp-content\/uploads\/2023\/10\/interim-300x200.png 300w, https:\/\/www.artelatum.com\/wp-content\/uploads\/2023\/10\/interim-768x512.png 768w, https:\/\/www.artelatum.com\/wp-content\/uploads\/2023\/10\/interim-1536x1024.png 1536w, https:\/\/www.artelatum.com\/wp-content\/uploads\/2023\/10\/interim-2048x1365.png 2048w\" sizes=\"auto, (max-width: 1024px) 100vw, 1024px\" \/><\/figure>\n\n<div style=\"height:30px\" aria-hidden=\"true\" class=\"wp-block-spacer\"><\/div>\n\n<p>Das in den 1970er Jahren in den Niederlanden entstandene Interim Management ist ein st\u00e4ndig wachsender Markt.<\/p>\n\n<p>In Frankreich mit einem Umsatz von 500 Millionen Euro stieg das Gesch\u00e4ftsvolumen zwischen 2021 und 2022 um 47 %.<\/p>\n\n<p>In der gesamten D-A-CH-Region wurden die Prognosen f\u00fcr 2022 \u00fcbertroffen, die Prognosen f\u00fcr 2023 bleiben au\u00dfergew\u00f6hnlich positiv.<\/p>\n\n<p>In Deutschland wird das Marktvolumen nach den j\u00fcngsten Prognosen 2023 weiter deutlich wachsen und voraussichtlich ein Rekordniveau von \u00fcber 2,75 Milliarden Euro erreichen.<\/p>\n\n<p>F\u00fcr die Unternehmen, die sie in Anspruch nehmen, ergibt sich der Mehrwert einer \u00dcbergangsmission im Wesentlichen aus drei Faktoren:<\/p>\n\n<ul class=\"wp-block-list\">\n<li>Risiken nach durchschnittlich 37 Interventionstagen <strong>beherrscht<\/strong><\/li>\n\n\n\n<li><strong>hoher Ertrag<\/strong> mit ca. 6 \u20ac Rendite pro ausgegebenem Euro<\/li>\n\n\n\n<li><strong>sichere Bedingungen<\/strong> f\u00fcr eine dauerhafte Einstellung der F\u00fchrungskraft.<\/li>\n<\/ul>\n\n<p>Um auf Ihre dringenden Managementprobleme zu reagieren, stellen wir Ihnen schnell \u00dcbergangsmanager zur Verf\u00fcgung, die meist ein internationales Profil haben und \u00fcber interkulturelle Kompetenzen verf\u00fcgen, die den Unterschied ausmachen werden.<\/p>\n\n<ul class=\"wp-block-list\">\n<li>Die klassischen Einsatzrichtungen unserer Interim Manager sind<\/li>\n\n\n\n<li>Finanzielle Leitung &amp; Buchhaltung<\/li>\n\n\n\n<li>Direktion f\u00fcr Humanressourcen<\/li>\n\n\n\n<li>Industrielle Leitung<\/li>\n\n\n\n<li>Direktion f\u00fcr Einkauf &amp; Logistik<\/li>\n\n\n\n<li>Supply Chain<\/li>\n\n\n\n<li>Direktion f\u00fcr Informationssysteme<\/li>\n\n\n\n<li>Prozessoptimierung und Lean Management<\/li>\n\n\n\n<li>Generaldirektion<\/li>\n<\/ul>\n","protected":false},"excerpt":{"rendered":"<p>Das in den 1970er Jahren in den Niederlanden entstandene Interim Management ist ein st\u00e4ndig wachsender Markt. In Frankreich mit einem Umsatz von 500 Millionen Euro stieg das Gesch\u00e4ftsvolumen zwischen 2021 und 2022 um 47 %. In der gesamten D-A-CH-Region wurden die Prognosen f\u00fcr 2022 \u00fcbertroffen, die Prognosen f\u00fcr 2023 bleiben au\u00dfergew\u00f6hnlich positiv. In Deutschland wird &hellip;<\/p>\n<p class=\"read-more\"> <a class=\"\" href=\"https:\/\/www.artelatum.com\/de\/interim-management\/\"> <span class=\"screen-reader-text\">Interim Management<\/span> Read More \u00bb<\/a><\/p>\n","protected":false},"author":1,"featured_media":0,"parent":0,"menu_order":0,"comment_status":"closed","ping_status":"closed","template":"","meta":{"_uag_custom_page_level_css":"","site-sidebar-layout":"default","site-content-layout":"","ast-site-content-layout":"narrow-width-container","site-content-style":"default","site-sidebar-style":"default","ast-global-header-display":"","ast-banner-title-visibility":"","ast-main-header-display":"","ast-hfb-above-header-display":"","ast-hfb-below-header-display":"","ast-hfb-mobile-header-display":"","site-post-title":"","ast-breadcrumbs-content":"","ast-featured-img":"","footer-sml-layout":"","theme-transparent-header-meta":"","adv-header-id-meta":"","stick-header-meta":"","header-above-stick-meta":"","header-main-stick-meta":"","header-below-stick-meta":"","astra-migrate-meta-layouts":"","footnotes":""},"class_list":["post-213","page","type-page","status-publish","hentry"],"uagb_featured_image_src":{"full":false,"thumbnail":false,"medium":false,"medium_large":false,"large":false,"1536x1536":false,"2048x2048":false},"uagb_author_info":{"display_name":"admin","author_link":"https:\/\/www.artelatum.com\/de\/author\/admin\/"},"uagb_comment_info":0,"uagb_excerpt":"Das in den 1970er Jahren in den Niederlanden entstandene Interim Management ist ein st\u00e4ndig wachsender Markt. In Frankreich mit einem Umsatz von 500 Millionen Euro stieg das Gesch\u00e4ftsvolumen zwischen 2021 und 2022 um 47 %. In der gesamten D-A-CH-Region wurden die Prognosen f\u00fcr 2022 \u00fcbertroffen, die Prognosen f\u00fcr 2023 bleiben au\u00dfergew\u00f6hnlich positiv. In Deutschland wird&hellip;","_links":{"self":[{"href":"https:\/\/www.artelatum.com\/de\/wp-json\/wp\/v2\/pages\/213","targetHints":{"allow":["GET"]}}],"collection":[{"href":"https:\/\/www.artelatum.com\/de\/wp-json\/wp\/v2\/pages"}],"about":[{"href":"https:\/\/www.artelatum.com\/de\/wp-json\/wp\/v2\/types\/page"}],"author":[{"embeddable":true,"href":"https:\/\/www.artelatum.com\/de\/wp-json\/wp\/v2\/users\/1"}],"replies":[{"embeddable":true,"href":"https:\/\/www.artelatum.com\/de\/wp-json\/wp\/v2\/comments?post=213"}],"version-history":[{"count":7,"href":"https:\/\/www.artelatum.com\/de\/wp-json\/wp\/v2\/pages\/213\/revisions"}],"predecessor-version":[{"id":1148,"href":"https:\/\/www.artelatum.com\/de\/wp-json\/wp\/v2\/pages\/213\/revisions\/1148"}],"wp:attachment":[{"href":"https:\/\/www.artelatum.com\/de\/wp-json\/wp\/v2\/media?parent=213"}],"curies":[{"name":"wp","href":"https:\/\/api.w.org\/{rel}","templated":true}]}}