{"id":220,"date":"2023-08-23T15:32:34","date_gmt":"2023-08-23T13:32:34","guid":{"rendered":"https:\/\/www.artelatum.com\/geschichte-und-positionierung\/"},"modified":"2023-09-09T14:22:21","modified_gmt":"2023-09-09T12:22:21","slug":"positionierung","status":"publish","type":"page","link":"https:\/\/www.artelatum.com\/de\/positionierung\/","title":{"rendered":"Positionierung"},"content":{"rendered":"\n<p>arteLatum, eine interkulturelle Beratungsfirma f\u00fcr Managemententwicklung mit Sitz in Deutschland, begleitet seit 2007 F\u00fchrungskr\u00e4fte, Unternehmen und Investmentfonds in Europa.<\/p>\n\n\n\n<p>arteLatum, eine Kontraktion der lateinischen Phrase arte relatum, &#8222;Vernetzung durch Know-how&#8220;, und gedacht, um auf tugendhafte Weise unterschiedliche Kulturen von Unternehmen, L\u00e4ndern, Berufen und M\u00e4rkten miteinander in Verbindung zu bringen, entstand aus einer Ambition heraus: die Unterschiede in Synergie zu bringen, um Spitzenleistungen zu erzielen.<\/p>\n\n\n\n<p>So hat arteLatum seit 2007 seine Aktivit\u00e4ten in den Bereichen interkulturelles Managementtraining, strategische Beratung und Personalbeschaffung um Referenzkunden und inspirierende F\u00fchrungskr\u00e4fte, die nach mehr interkulturellen Kompetenzen suchen, strukturiert.<\/p>\n\n\n\n<p>Im Jahr 2023 wird arteLatum zu arteLatum Executive Consulting, einem Verb\u00fcndeten von Investmentfonds, Start-ups und europ\u00e4ischen KMUs\/ETIs\/Gro\u00dfkonzernen bei all ihren Herausforderungen in den Bereichen Wachstum, Transformation, Nachfolge und Krisenmanagement.<\/p>\n\n\n\n<p>Unsere Motivation ist es, \u00fcber die anspruchsvollen \u00d6kosysteme hinaus, in denen wir arbeiten, durch unseren Beratungsmehrwert zu Unternehmenszusammenschl\u00fcssen in Europa und zur Bildung von europ\u00e4ischen Champions beizutragen.<\/p>\n\n\n\n<p>Mit neuen B\u00fcros in Paris und M\u00fcnchen stellt arteLatum Executive Consulting seinen europ\u00e4ischen Kunden nun ein erweitertes Angebot an Executive Search f\u00fcr C-Level, Interim Management und Board Services zur Verf\u00fcgung.<\/p>\n\n\n\n<p>Bei F\u00fchrungskr\u00e4ften arbeitet arteLatum Executive Consulting gezielt mit ihnen an den Herausforderungen, vor denen sie stehen, um ihnen die Mittel an die Hand zu geben, die angestrebten Ziele schneller zu erreichen oder sogar zu \u00fcbertreffen.<\/p>\n\n\n\n<p>Unsere entschieden interkulturelle Positionierung und unsere doppelte Pr\u00e4senz in Frankreich und Deutschland erm\u00f6glichen es uns, mit Geschick auf die neuen Anforderungen unserer europ\u00e4ischen Kunden f\u00fcr ihre Herausforderungen in Frankreich, Deutschland, \u00d6sterreich, der Schweiz und Luxemburg zu reagieren.<\/p>\n\n\n\n<p>Wir setzen die strategischen Ziele unserer Kunden in Managementl\u00f6sungen um, die auf die Besonderheiten der Zielm\u00e4rkte, \u00fcber deren Expertise wir verf\u00fcgen, zugeschnitten sind.<\/p>\n\n\n\n<p>Unsere Kanzlei ber\u00e4t die Generaldirektionen von Unternehmen und Investmentfonds in folgenden Kontexten<br>Wachstum bzw. Hyperwachstum<br>Managementabl\u00f6sung oder -\u00fcbergabe<br>Transformation, Umkehrung und Krise<br>Fusionen und \u00dcbernahmen<br>Durch aktives Zuh\u00f6ren Ihrer Bed\u00fcrfnisse, kombiniert mit einer Haltung als Sparringspartner des Unternehmens- oder Investmentfondsmanagers, der Sie sind, verhelfen wir Ihnen zum Erfolg. Besser und schneller.<\/p>\n","protected":false},"excerpt":{"rendered":"<p>arteLatum, eine interkulturelle Beratungsfirma f\u00fcr Managemententwicklung mit Sitz in Deutschland, begleitet seit 2007 F\u00fchrungskr\u00e4fte, Unternehmen und Investmentfonds in Europa. arteLatum, eine Kontraktion der lateinischen Phrase arte relatum, &#8222;Vernetzung durch Know-how&#8220;, und gedacht, um auf tugendhafte Weise unterschiedliche Kulturen von Unternehmen, L\u00e4ndern, Berufen und M\u00e4rkten miteinander in Verbindung zu bringen, entstand aus einer Ambition heraus: die &hellip;<\/p>\n<p class=\"read-more\"> <a class=\"\" href=\"https:\/\/www.artelatum.com\/de\/positionierung\/\"> <span class=\"screen-reader-text\">Positionierung<\/span> Read More \u00bb<\/a><\/p>\n","protected":false},"author":1,"featured_media":0,"parent":0,"menu_order":0,"comment_status":"closed","ping_status":"closed","template":"","meta":{"_uag_custom_page_level_css":"","site-sidebar-layout":"default","site-content-layout":"","ast-site-content-layout":"","site-content-style":"default","site-sidebar-style":"default","ast-global-header-display":"","ast-banner-title-visibility":"","ast-main-header-display":"","ast-hfb-above-header-display":"","ast-hfb-below-header-display":"","ast-hfb-mobile-header-display":"","site-post-title":"","ast-breadcrumbs-content":"","ast-featured-img":"","footer-sml-layout":"","theme-transparent-header-meta":"","adv-header-id-meta":"","stick-header-meta":"","header-above-stick-meta":"","header-main-stick-meta":"","header-below-stick-meta":"","astra-migrate-meta-layouts":"","footnotes":""},"class_list":["post-220","page","type-page","status-publish","hentry"],"uagb_featured_image_src":{"full":false,"thumbnail":false,"medium":false,"medium_large":false,"large":false,"1536x1536":false,"2048x2048":false},"uagb_author_info":{"display_name":"admin","author_link":"https:\/\/www.artelatum.com\/de\/author\/admin\/"},"uagb_comment_info":0,"uagb_excerpt":"arteLatum, eine interkulturelle Beratungsfirma f\u00fcr Managemententwicklung mit Sitz in Deutschland, begleitet seit 2007 F\u00fchrungskr\u00e4fte, Unternehmen und Investmentfonds in Europa. arteLatum, eine Kontraktion der lateinischen Phrase arte relatum, &#8222;Vernetzung durch Know-how&#8220;, und gedacht, um auf tugendhafte Weise unterschiedliche Kulturen von Unternehmen, L\u00e4ndern, Berufen und M\u00e4rkten miteinander in Verbindung zu bringen, entstand aus einer Ambition heraus: die&hellip;","_links":{"self":[{"href":"https:\/\/www.artelatum.com\/de\/wp-json\/wp\/v2\/pages\/220","targetHints":{"allow":["GET"]}}],"collection":[{"href":"https:\/\/www.artelatum.com\/de\/wp-json\/wp\/v2\/pages"}],"about":[{"href":"https:\/\/www.artelatum.com\/de\/wp-json\/wp\/v2\/types\/page"}],"author":[{"embeddable":true,"href":"https:\/\/www.artelatum.com\/de\/wp-json\/wp\/v2\/users\/1"}],"replies":[{"embeddable":true,"href":"https:\/\/www.artelatum.com\/de\/wp-json\/wp\/v2\/comments?post=220"}],"version-history":[{"count":8,"href":"https:\/\/www.artelatum.com\/de\/wp-json\/wp\/v2\/pages\/220\/revisions"}],"predecessor-version":[{"id":770,"href":"https:\/\/www.artelatum.com\/de\/wp-json\/wp\/v2\/pages\/220\/revisions\/770"}],"wp:attachment":[{"href":"https:\/\/www.artelatum.com\/de\/wp-json\/wp\/v2\/media?parent=220"}],"curies":[{"name":"wp","href":"https:\/\/api.w.org\/{rel}","templated":true}]}}