{"id":234,"date":"2023-08-23T15:34:32","date_gmt":"2023-08-23T13:34:32","guid":{"rendered":"https:\/\/www.artelatum.com\/interventionssektoren\/"},"modified":"2023-09-07T14:20:42","modified_gmt":"2023-09-07T12:20:42","slug":"interventionssektoren","status":"publish","type":"page","link":"https:\/\/www.artelatum.com\/de\/interventionssektoren\/","title":{"rendered":"Interventionssektoren"},"content":{"rendered":"\n<p><strong>Industrie<\/strong><br\/>In der dynamischen Industrie Europas entwickelt sich der Sektor st\u00e4ndig weiter. Ob in der Automobil-, Metall- oder Lebensmittelindustrie &#8211; unser Fachwissen passt sich jeder Nuance und jeder Herausforderung an. Bei arteLatum Executive Consulting verstehen wir die Komplexit\u00e4t und Feinheiten jeder Branche und k\u00f6nnen so die besten Talente, die auf Ihre Bed\u00fcrfnisse zugeschnitten sind, identifizieren und gewinnen.<\/p>\n\n<p><strong>Neue Technologien und Start-ups<\/strong><br\/>Das digitale Zeitalter bietet beispiellose M\u00f6glichkeiten. Die Welt der Start-ups und der neuen Technologien steht an der Spitze dieser Revolution. Unsere Berater, die \u00fcber umfassende Kenntnisse dieses \u00d6kosystems verf\u00fcgen, f\u00fchren Sie durch das Labyrinth der digitalen Transformation und stellen so sicher, dass Sie an der Spitze der Innovation bleiben.<\/p>\n\n<p><strong>Energie<\/strong><br\/>Der Energiesektor befindet sich an einem Scheideweg zwischen Tradition und Zukunft. Angesichts der aktuellen klimatischen und \u00f6kologischen Herausforderungen war der Bedarf an vision\u00e4ren Talenten noch nie so gro\u00df. Unsere Aufgabe ist es, Sie mit denjenigen in Verbindung zu bringen, die die Vision und die F\u00e4higkeit haben, die Energiezukunft Ihres Unternehmens zu lenken.<\/p>\n\n<p><strong>Einzelhandel<\/strong><br\/>Die Dynamik des Einzelhandels ist einem st\u00e4ndigen Wandel unterworfen, mit zunehmender Konkurrenz und sich \u00e4ndernden Kundenerwartungen. Unser Fachwissen erm\u00f6glicht es Ihnen, wettbewerbsf\u00e4hig zu bleiben, indem Sie sich mit F\u00fchrungskr\u00e4ften vernetzen, die die Nuancen des Marktes und die Anforderungen moderner Verbraucher verstehen.<\/p>\n\n<p><strong>Telekommunikation<\/strong><br\/>Angesichts der rasanten Entwicklung der Kommunikationstechnologie ist es entscheidend, eine aufgekl\u00e4rte F\u00fchrung zu haben. Wir setzen uns daf\u00fcr ein, f\u00fcr Sie Talente zu finden, die nicht nur mithalten, sondern auch die n\u00e4chsten gro\u00dfen Innovationen vorhersehen k\u00f6nnen.<\/p>\n\n<p><strong>Private Equity<\/strong><br\/>Die Welt des Private Equity erfordert F\u00fchrungskr\u00e4fte, die in der Lage sind, komplexe Finanzlandschaften zu verstehen und zu navigieren. Unser Netzwerk aus talentierten Fachleuten garantiert Ihnen ein fachkundiges Management, um Ihre Investitionen zu maximieren.<\/p>\n\n<p><strong>H\u00f6here Bildung, \u00d6ffentlich, Non-Profit und Forschung<\/strong><br\/>Bildung und Forschung sind die Grundlage f\u00fcr eine wohlhabende Gesellschaft. F\u00fcr diese so spezifischen Branchen verpflichten wir uns, Ihnen F\u00fchrungskr\u00e4fte zu vermitteln, die Innovation, Neugier und Spitzenleistungen wertsch\u00e4tzen.<\/p>\n","protected":false},"excerpt":{"rendered":"<p>IndustrieIn der dynamischen Industrie Europas entwickelt sich der Sektor st\u00e4ndig weiter. Ob in der Automobil-, Metall- oder Lebensmittelindustrie &#8211; unser Fachwissen passt sich jeder Nuance und jeder Herausforderung an. Bei arteLatum Executive Consulting verstehen wir die Komplexit\u00e4t und Feinheiten jeder Branche und k\u00f6nnen so die besten Talente, die auf Ihre Bed\u00fcrfnisse zugeschnitten sind, identifizieren und &hellip;<\/p>\n<p class=\"read-more\"> <a class=\"\" href=\"https:\/\/www.artelatum.com\/de\/interventionssektoren\/\"> <span class=\"screen-reader-text\">Interventionssektoren<\/span> Read More \u00bb<\/a><\/p>\n","protected":false},"author":1,"featured_media":0,"parent":0,"menu_order":0,"comment_status":"closed","ping_status":"closed","template":"","meta":{"_uag_custom_page_level_css":"","site-sidebar-layout":"default","site-content-layout":"","ast-site-content-layout":"","site-content-style":"default","site-sidebar-style":"default","ast-global-header-display":"","ast-banner-title-visibility":"","ast-main-header-display":"","ast-hfb-above-header-display":"","ast-hfb-below-header-display":"","ast-hfb-mobile-header-display":"","site-post-title":"","ast-breadcrumbs-content":"","ast-featured-img":"","footer-sml-layout":"","theme-transparent-header-meta":"","adv-header-id-meta":"","stick-header-meta":"","header-above-stick-meta":"","header-main-stick-meta":"","header-below-stick-meta":"","astra-migrate-meta-layouts":"","footnotes":""},"class_list":["post-234","page","type-page","status-publish","hentry"],"uagb_featured_image_src":{"full":false,"thumbnail":false,"medium":false,"medium_large":false,"large":false,"1536x1536":false,"2048x2048":false},"uagb_author_info":{"display_name":"admin","author_link":"https:\/\/www.artelatum.com\/de\/author\/admin\/"},"uagb_comment_info":0,"uagb_excerpt":"IndustrieIn der dynamischen Industrie Europas entwickelt sich der Sektor st\u00e4ndig weiter. Ob in der Automobil-, Metall- oder Lebensmittelindustrie &#8211; unser Fachwissen passt sich jeder Nuance und jeder Herausforderung an. Bei arteLatum Executive Consulting verstehen wir die Komplexit\u00e4t und Feinheiten jeder Branche und k\u00f6nnen so die besten Talente, die auf Ihre Bed\u00fcrfnisse zugeschnitten sind, identifizieren und&hellip;","_links":{"self":[{"href":"https:\/\/www.artelatum.com\/de\/wp-json\/wp\/v2\/pages\/234","targetHints":{"allow":["GET"]}}],"collection":[{"href":"https:\/\/www.artelatum.com\/de\/wp-json\/wp\/v2\/pages"}],"about":[{"href":"https:\/\/www.artelatum.com\/de\/wp-json\/wp\/v2\/types\/page"}],"author":[{"embeddable":true,"href":"https:\/\/www.artelatum.com\/de\/wp-json\/wp\/v2\/users\/1"}],"replies":[{"embeddable":true,"href":"https:\/\/www.artelatum.com\/de\/wp-json\/wp\/v2\/comments?post=234"}],"version-history":[{"count":4,"href":"https:\/\/www.artelatum.com\/de\/wp-json\/wp\/v2\/pages\/234\/revisions"}],"predecessor-version":[{"id":500,"href":"https:\/\/www.artelatum.com\/de\/wp-json\/wp\/v2\/pages\/234\/revisions\/500"}],"wp:attachment":[{"href":"https:\/\/www.artelatum.com\/de\/wp-json\/wp\/v2\/media?parent=234"}],"curies":[{"name":"wp","href":"https:\/\/api.w.org\/{rel}","templated":true}]}}