{"id":455,"date":"2023-09-06T22:26:41","date_gmt":"2023-09-06T20:26:41","guid":{"rendered":"https:\/\/www.artelatum.com\/einfuehrung\/"},"modified":"2023-11-15T17:15:19","modified_gmt":"2023-11-15T15:15:19","slug":"einfuehrung","status":"publish","type":"page","link":"https:\/\/www.artelatum.com\/de\/","title":{"rendered":"introduction"},"content":{"rendered":"\n<div class=\"wp-block-uagb-container uagb-block-65ff7b5d alignfull uagb-is-root-container\"><div class=\"uagb-container-inner-blocks-wrap\">\n<div class=\"wp-block-uagb-container uagb-block-a42b1a5a\">\n<div class=\"wp-block-media-text has-media-on-the-right is-stacked-on-mobile\" style=\"grid-template-columns:auto 56%\"><div class=\"wp-block-media-text__content\">\n<p class=\"has-text-align-left has-ast-global-color-3-color has-text-color uag-hide-desktop uag-hide-tab\" style=\"padding-top:0;padding-bottom:0;font-size:34px\">Bridging cultures<br><br>Building leaders<\/p>\n\n\n\n<p class=\"has-text-align-left has-ast-global-color-3-color has-text-color uag-hide-tab uag-hide-mob\" style=\"padding-top:0;padding-bottom:0;font-size:50px\">Bridging cultures<br><br><br>Building leaders<\/p>\n<\/div><figure class=\"wp-block-media-text__media\"><img loading=\"lazy\" decoding=\"async\" width=\"1024\" height=\"683\" src=\"https:\/\/www.artelatum.com\/wp-content\/uploads\/2023\/10\/leader-1024x683.png\" alt=\"\" class=\"wp-image-1142 size-full\" srcset=\"https:\/\/www.artelatum.com\/wp-content\/uploads\/2023\/10\/leader-1024x683.png 1024w, https:\/\/www.artelatum.com\/wp-content\/uploads\/2023\/10\/leader-300x200.png 300w, https:\/\/www.artelatum.com\/wp-content\/uploads\/2023\/10\/leader-768x512.png 768w, https:\/\/www.artelatum.com\/wp-content\/uploads\/2023\/10\/leader-1536x1024.png 1536w, https:\/\/www.artelatum.com\/wp-content\/uploads\/2023\/10\/leader-2048x1365.png 2048w\" sizes=\"auto, (max-width: 1024px) 100vw, 1024px\" \/><\/figure><\/div>\n<\/div>\n\n\n\n<p>Egal, ob Sie ein gro\u00dfes, mittleres oder kleines Unternehmen sind, wir arbeiten eng mit Ihnen zusammen, indem wir F\u00fchrungsberatung und Board Services, Interim-Management-L\u00f6sungen und die Suche nach F\u00fchrungskr\u00e4ften anbieten.<\/p>\n\n\n\n<p>Wir nehmen uns die n\u00f6tige Zeit, um die perfekte Harmonie zu finden und sowohl Ihre Kultur als auch Ihre Strategie zu verstehen. Dabei stellen wir sicher, dass Sie die M\u00f6glichkeit haben, Ihr volles Potenzial auf die europ\u00e4ischen M\u00e4rkten zu entfalten.<\/p>\n<\/div><\/div>\n\n\n\n<h2 class=\"wp-block-heading has-text-align-center\"><a href=\"https:\/\/www.artelatum.com\/de\/executive-search\/\" data-type=\"page\" data-id=\"9\">Executive Search<\/a><\/h2>\n\n\n\n<div class=\"wp-block-uagb-container uagb-block-0d0680d7 default uagb-is-root-container\">\n<div class=\"wp-block-uagb-container uagb-block-21628d5f\">\n<div class=\"wp-block-media-text alignfull is-stacked-on-mobile\" style=\"grid-template-columns:85% auto\"><figure class=\"wp-block-media-text__media\"><img loading=\"lazy\" decoding=\"async\" width=\"1024\" height=\"683\" src=\"https:\/\/www.artelatum.com\/wp-content\/uploads\/2023\/10\/Businessman-catching-star-climbing-ladder-to-sky-Converted-1024x683.png\" alt=\"\" class=\"wp-image-1116 size-full\" srcset=\"https:\/\/www.artelatum.com\/wp-content\/uploads\/2023\/10\/Businessman-catching-star-climbing-ladder-to-sky-Converted-1024x683.png 1024w, https:\/\/www.artelatum.com\/wp-content\/uploads\/2023\/10\/Businessman-catching-star-climbing-ladder-to-sky-Converted-300x200.png 300w, https:\/\/www.artelatum.com\/wp-content\/uploads\/2023\/10\/Businessman-catching-star-climbing-ladder-to-sky-Converted-768x512.png 768w, https:\/\/www.artelatum.com\/wp-content\/uploads\/2023\/10\/Businessman-catching-star-climbing-ladder-to-sky-Converted-1536x1024.png 1536w, https:\/\/www.artelatum.com\/wp-content\/uploads\/2023\/10\/Businessman-catching-star-climbing-ladder-to-sky-Converted-2048x1365.png 2048w\" sizes=\"auto, (max-width: 1024px) 100vw, 1024px\" \/><\/figure><div class=\"wp-block-media-text__content\">\n<p><\/p>\n<\/div><\/div>\n<\/div>\n\n\n\n<div class=\"wp-block-uagb-container uagb-block-46d47713\">\n<p>ArteLatum Executive Consulting hat sich auf die Vermittlung von F\u00fchrungskr\u00e4ften spezialisiert. In einem Umfeld, das von Gesundheits-, Umwelt-, Klima- und Wirtschaftskrisen sowie von sich ver\u00e4ndernden Erwartungen an das Management gepr\u00e4gt ist, priorisieren wir Agilit\u00e4t als Schl\u00fcsselkompetenz. Unser Ansatz konzentriert sich auf die Identifizierung, Bewertung und Gewinnung der besten Managementtalente, insbesondere auf der deutsch-franz\u00f6sischen Achse. Unsere ebenso seltenen wie anspruchsvollen Kandidaten sind ausgerichtet und motiviert, Ihre strategischen Herausforderungen zu erf\u00fcllen, sobald sie Ihrem Team beitreten.<\/p>\n<\/div>\n<\/div>\n\n\n\n<div style=\"height:65px\" aria-hidden=\"true\" class=\"wp-block-spacer\"><\/div>\n\n\n\n<h2 class=\"wp-block-heading has-text-align-center\"><a href=\"https:\/\/www.artelatum.com\/de\/interim-management\/\" data-type=\"page\" data-id=\"11\">Interim Management<\/a><\/h2>\n\n\n\n<div class=\"wp-block-uagb-container uagb-block-25328cec default uagb-is-root-container\">\n<div class=\"wp-block-uagb-container uagb-block-b31353ec\">\n<div class=\"wp-block-media-text alignfull is-stacked-on-mobile\" style=\"grid-template-columns:85% auto\"><figure class=\"wp-block-media-text__media\"><img loading=\"lazy\" decoding=\"async\" width=\"1024\" height=\"683\" src=\"https:\/\/www.artelatum.com\/wp-content\/uploads\/2023\/10\/interim-1024x683.png\" alt=\"\" class=\"wp-image-1128 size-full\" srcset=\"https:\/\/www.artelatum.com\/wp-content\/uploads\/2023\/10\/interim-1024x683.png 1024w, https:\/\/www.artelatum.com\/wp-content\/uploads\/2023\/10\/interim-300x200.png 300w, https:\/\/www.artelatum.com\/wp-content\/uploads\/2023\/10\/interim-768x512.png 768w, https:\/\/www.artelatum.com\/wp-content\/uploads\/2023\/10\/interim-1536x1024.png 1536w, https:\/\/www.artelatum.com\/wp-content\/uploads\/2023\/10\/interim-2048x1365.png 2048w\" sizes=\"auto, (max-width: 1024px) 100vw, 1024px\" \/><\/figure><div class=\"wp-block-media-text__content\">\n<p><\/p>\n<\/div><\/div>\n<\/div>\n\n\n\n<div class=\"wp-block-uagb-container uagb-block-0c73103b\">\n<p>Das urspr\u00fcnglich aus den Niederlanden stammende Interim Management verzeichnet in Europa ein anhaltendes Wachstum. Unternehmen finden hier einen Mehrwert durch kontrollierte Risiken, hohe Ertr\u00e4ge und stresslose Rekrutierungsverfahren. Wir bieten Ihnen Interim Manager mit internationalem Profil, die Experten in verschiedenen Bereichen sind, und die den Erfolg Ihrer strategischen Ziele gew\u00e4hrleisten.<\/p>\n<\/div>\n<\/div>\n\n\n\n<div style=\"height:65px\" aria-hidden=\"true\" class=\"wp-block-spacer\"><\/div>\n\n\n\n<h2 class=\"wp-block-heading has-text-align-center\"><a href=\"https:\/\/www.artelatum.com\/de\/leadership-consulting\/\" data-type=\"page\" data-id=\"13\">Leadership Consulting<\/a><\/h2>\n\n\n\n<div class=\"wp-block-uagb-container uagb-block-85290447 default uagb-is-root-container\">\n<div class=\"wp-block-uagb-container uagb-block-5c9613a0\">\n<div class=\"wp-block-media-text alignfull is-stacked-on-mobile\" style=\"grid-template-columns:85% auto\"><figure class=\"wp-block-media-text__media\"><img loading=\"lazy\" decoding=\"async\" width=\"1024\" height=\"683\" src=\"https:\/\/www.artelatum.com\/wp-content\/uploads\/2023\/10\/orchestra-1024x683.png\" alt=\"\" class=\"wp-image-1121 size-full\" srcset=\"https:\/\/www.artelatum.com\/wp-content\/uploads\/2023\/10\/orchestra-1024x683.png 1024w, https:\/\/www.artelatum.com\/wp-content\/uploads\/2023\/10\/orchestra-300x200.png 300w, https:\/\/www.artelatum.com\/wp-content\/uploads\/2023\/10\/orchestra-768x512.png 768w, https:\/\/www.artelatum.com\/wp-content\/uploads\/2023\/10\/orchestra-1536x1024.png 1536w, https:\/\/www.artelatum.com\/wp-content\/uploads\/2023\/10\/orchestra-2048x1365.png 2048w\" sizes=\"auto, (max-width: 1024px) 100vw, 1024px\" \/><\/figure><div class=\"wp-block-media-text__content\">\n<p><\/p>\n<\/div><\/div>\n<\/div>\n\n\n\n<div class=\"wp-block-uagb-container uagb-block-a54aaf2c\">\n<p>Wir begleiten unseren Kunden auf dem Weg zum Erfolg mit Leadership Consulting. Dazu geh\u00f6ren Management Reviews, Familienchartas, Executive Coaching f\u00fcr Einzelpersonen oder Teams sowie Einzel- und Gruppenassessment. Unsere Interventionen gew\u00e4hrleisten, dass sich alle Schl\u00fcsselmanager die Strategie zu eigen machen, dass Engagement, Vision und Strategie miteinander harmonieren und dass der Gesch\u00e4ftsplan schneller umgesetzt wird.<\/p>\n<\/div>\n<\/div>\n\n\n\n<div style=\"height:65px\" aria-hidden=\"true\" class=\"wp-block-spacer\"><\/div>\n\n\n\n<h2 class=\"wp-block-heading has-text-align-center\"><a href=\"https:\/\/www.artelatum.com\/de\/board-and-ceo-services\/\" data-type=\"page\" data-id=\"15\">Board &amp; CEO services<\/a><\/h2>\n\n\n\n<div class=\"wp-block-uagb-container uagb-block-c809b2f4 default uagb-is-root-container\">\n<div class=\"wp-block-uagb-container uagb-block-bc39db0a\">\n<div class=\"wp-block-media-text alignfull is-stacked-on-mobile\" style=\"grid-template-columns:85% auto\"><figure class=\"wp-block-media-text__media\"><img loading=\"lazy\" decoding=\"async\" width=\"1024\" height=\"683\" src=\"https:\/\/www.artelatum.com\/wp-content\/uploads\/2023\/10\/board-1024x683.png\" alt=\"\" class=\"wp-image-1132 size-full\" srcset=\"https:\/\/www.artelatum.com\/wp-content\/uploads\/2023\/10\/board-1024x683.png 1024w, https:\/\/www.artelatum.com\/wp-content\/uploads\/2023\/10\/board-300x200.png 300w, https:\/\/www.artelatum.com\/wp-content\/uploads\/2023\/10\/board-768x512.png 768w, https:\/\/www.artelatum.com\/wp-content\/uploads\/2023\/10\/board-1536x1024.png 1536w, https:\/\/www.artelatum.com\/wp-content\/uploads\/2023\/10\/board-2048x1366.png 2048w\" sizes=\"auto, (max-width: 1024px) 100vw, 1024px\" \/><\/figure><div class=\"wp-block-media-text__content\">\n<p><\/p>\n<\/div><\/div>\n<\/div>\n\n\n\n<div class=\"wp-block-uagb-container uagb-block-1e3b05ef\">\n<p>F\u00fchren Sie einen Vorstand und versuchen Sie, diesen zu verbessern? Wir wissen, wie entscheidend die Verantwortung eines Vorstands f\u00fcr die Zukunft und das t\u00e4gliche Management eines Unternehmens ist. Unsere Expertise hilft, seine Leistung zu optimieren, indem wir unabh\u00e4ngige Aufsichtsratsmitglieder einstellen, Bewerbungen bewerten, die Zusammenarbeit mit dem CEO verbessern, die Nachfolge planen und l\u00f6sungsorientiertes Teamwork st\u00e4rken. Wir stellen uns auch Herausforderungen wie der Strukturierung von Entscheidungsprozessen, der Kommunikation und der Kl\u00e4rung individuelle Ans\u00e4tze f\u00fcr eine gemeinsame Vision.<\/p>\n<\/div>\n<\/div>\n\n\n\n<div style=\"height:65px\" aria-hidden=\"true\" class=\"wp-block-spacer\"><\/div>\n\n\n\n<h2 class=\"wp-block-heading has-text-align-center\"><a href=\"https:\/\/www.artelatum.com\/de\/positionierung\/\" data-type=\"page\" data-id=\"64\">Positionierung<\/a><\/h2>\n\n\n\n<div class=\"wp-block-uagb-container uagb-block-04c9476f default uagb-is-root-container\">\n<div class=\"wp-block-uagb-container uagb-block-a5a329a6\">\n<div class=\"wp-block-media-text alignfull is-stacked-on-mobile\" style=\"grid-template-columns:85% auto\"><figure class=\"wp-block-media-text__media\"><img loading=\"lazy\" decoding=\"async\" width=\"1024\" height=\"683\" src=\"https:\/\/www.artelatum.com\/wp-content\/uploads\/2023\/10\/positionnement-1024x683.png\" alt=\"\" class=\"wp-image-1137 size-full\" srcset=\"https:\/\/www.artelatum.com\/wp-content\/uploads\/2023\/10\/positionnement-1024x683.png 1024w, https:\/\/www.artelatum.com\/wp-content\/uploads\/2023\/10\/positionnement-300x200.png 300w, https:\/\/www.artelatum.com\/wp-content\/uploads\/2023\/10\/positionnement-768x512.png 768w, https:\/\/www.artelatum.com\/wp-content\/uploads\/2023\/10\/positionnement-1536x1024.png 1536w, https:\/\/www.artelatum.com\/wp-content\/uploads\/2023\/10\/positionnement-2048x1366.png 2048w\" sizes=\"auto, (max-width: 1024px) 100vw, 1024px\" \/><\/figure><div class=\"wp-block-media-text__content\">\n<p><\/p>\n<\/div><\/div>\n<\/div>\n\n\n\n<div class=\"wp-block-uagb-container uagb-block-9562c64d\">\n<p>arteLatum wurde 2007 gegr\u00fcndet und ist eine interkulturelle Unternehmensberatung f\u00fcr Managemententwicklung mit Sitz in Deutschland. Der vom Lateinischen inspirierte Name bedeutet \u201eVernetzung durch Know-how\u201c und symbolisiert die Synergie zwischen verschiedenen Unternehmenskulturen, L\u00e4ndern und M\u00e4rkten. Seit seiner Gr\u00fcndung hat arteLatum seine T\u00e4tigkeit auf interkulturelle Managementtrainings, Strategieberatung und Personalvermittlung ausgerichtet. Im Jahr 2023 wurde die Unternehmensberatung in arteLatum Executive Consulting umgewandelt und positioniert sich mit B\u00fcros in Paris und M\u00fcnchen als Partner von Investmentfonds, Startups und europ\u00e4ischen Unternehmen. Unsere Expertise reicht von der Rekrutierung von Executive Officers bis hin zu \u00dcbergangsmanagement und Aufsichtsratsdiensten. Unser interkultureller Ansatz, der durch unsere Pr\u00e4senz in Frankreich und Deutschland verst\u00e4rkt wird, erm\u00f6glicht es uns, Managementl\u00f6sungen anzubieten, die auf die spezifischen Herausforderungen unserer Kunden in ganz Europa zugeschnitten sind.<\/p>\n<\/div>\n<\/div>\n\n\n\n<div style=\"height:65px\" aria-hidden=\"true\" class=\"wp-block-spacer\"><\/div>\n\n\n\n<h2 class=\"wp-block-heading has-text-align-center\"><a href=\"https:\/\/www.artelatum.com\/de\/wer-sind-wir\/\" data-type=\"page\" data-id=\"17\">Wer sind wir<\/a><\/h2>\n\n\n\n<div class=\"wp-block-uagb-container uagb-block-f267550c default uagb-is-root-container\">\n<div class=\"wp-block-uagb-container uagb-block-70924191\">\n<div class=\"wp-block-media-text alignfull is-stacked-on-mobile\" style=\"grid-template-columns:85% auto\"><figure class=\"wp-block-media-text__media\"><img loading=\"lazy\" decoding=\"async\" width=\"400\" height=\"320\" src=\"https:\/\/www.artelatum.com\/wp-content\/uploads\/2023\/09\/Foto-couleur-page-internet-2.jpg\" alt=\"\" class=\"wp-image-1043 size-full\" srcset=\"https:\/\/www.artelatum.com\/wp-content\/uploads\/2023\/09\/Foto-couleur-page-internet-2.jpg 400w, https:\/\/www.artelatum.com\/wp-content\/uploads\/2023\/09\/Foto-couleur-page-internet-2-300x240.jpg 300w\" sizes=\"auto, (max-width: 400px) 100vw, 400px\" \/><\/figure><div class=\"wp-block-media-text__content\">\n<p><\/p>\n<\/div><\/div>\n<\/div>\n\n\n\n<div class=\"wp-block-uagb-container uagb-block-a6581a22\">\n<p>Mit mehr als 25 Jahren Erfahrung in Europa begann Fr\u00e9d\u00e9rique Genton ihre Laufband in Paris und arbeitete dann in \u00d6sterreich, M\u00fcnchen, Luxemburg und im Saarland. Sie gr\u00fcndete arteLatum 2007 in Deutschland und hat ihren Kundenstamm schnell auf Europa, die USA, Nordafrika und Asien ausgeweitet. 2017 schloss sie sich einer Pariser Unternehmensberatung an, wurde dort Equity Partner und er\u00f6ffnete 2020 ein B\u00fcro in Frankfurt. Als engagierte Deutsch-Franz\u00f6sin setzt sie sich leidenschaftlich f\u00fcr die St\u00e4rkung der deutsch-franz\u00f6sischen Wirtschaftsbeziehungen ein. Im Jahr 2023 wandelt sie arteLatum in arteLatum Executive Consulting um. Neben ihrer Karriere sch\u00e4tzt Fr\u00e9d\u00e9rique Kunst, Literatur und Reisen in Europa.<\/p>\n<\/div>\n<\/div>\n\n\n\n<div style=\"height:100px\" aria-hidden=\"true\" class=\"wp-block-spacer\"><\/div>\n","protected":false},"excerpt":{"rendered":"<p>Bridging cultures Building leaders Bridging cultures Building leaders Egal, ob Sie ein gro\u00dfes, mittleres oder kleines Unternehmen sind, wir arbeiten eng mit Ihnen zusammen, indem wir F\u00fchrungsberatung und Board Services, Interim-Management-L\u00f6sungen und die Suche nach F\u00fchrungskr\u00e4ften anbieten. Wir nehmen uns die n\u00f6tige Zeit, um die perfekte Harmonie zu finden und sowohl Ihre Kultur als auch &hellip;<\/p>\n<p class=\"read-more\"> <a class=\"\" href=\"https:\/\/www.artelatum.com\/de\/\"> <span class=\"screen-reader-text\">introduction<\/span> Read More \u00bb<\/a><\/p>\n","protected":false},"author":1,"featured_media":0,"parent":0,"menu_order":0,"comment_status":"closed","ping_status":"closed","template":"","meta":{"_uag_custom_page_level_css":"","site-sidebar-layout":"default","site-content-layout":"","ast-site-content-layout":"full-width-container","site-content-style":"unboxed","site-sidebar-style":"default","ast-global-header-display":"","ast-banner-title-visibility":"","ast-main-header-display":"","ast-hfb-above-header-display":"","ast-hfb-below-header-display":"","ast-hfb-mobile-header-display":"","site-post-title":"","ast-breadcrumbs-content":"","ast-featured-img":"","footer-sml-layout":"","theme-transparent-header-meta":"default","adv-header-id-meta":"","stick-header-meta":"","header-above-stick-meta":"","header-main-stick-meta":"","header-below-stick-meta":"","astra-migrate-meta-layouts":"","footnotes":""},"class_list":["post-455","page","type-page","status-publish","hentry"],"uagb_featured_image_src":{"full":false,"thumbnail":false,"medium":false,"medium_large":false,"large":false,"1536x1536":false,"2048x2048":false},"uagb_author_info":{"display_name":"admin","author_link":"https:\/\/www.artelatum.com\/de\/author\/admin\/"},"uagb_comment_info":0,"uagb_excerpt":"Bridging cultures Building leaders Bridging cultures Building leaders Egal, ob Sie ein gro\u00dfes, mittleres oder kleines Unternehmen sind, wir arbeiten eng mit Ihnen zusammen, indem wir F\u00fchrungsberatung und Board Services, Interim-Management-L\u00f6sungen und die Suche nach F\u00fchrungskr\u00e4ften anbieten. Wir nehmen uns die n\u00f6tige Zeit, um die perfekte Harmonie zu finden und sowohl Ihre Kultur als auch&hellip;","_links":{"self":[{"href":"https:\/\/www.artelatum.com\/de\/wp-json\/wp\/v2\/pages\/455","targetHints":{"allow":["GET"]}}],"collection":[{"href":"https:\/\/www.artelatum.com\/de\/wp-json\/wp\/v2\/pages"}],"about":[{"href":"https:\/\/www.artelatum.com\/de\/wp-json\/wp\/v2\/types\/page"}],"author":[{"embeddable":true,"href":"https:\/\/www.artelatum.com\/de\/wp-json\/wp\/v2\/users\/1"}],"replies":[{"embeddable":true,"href":"https:\/\/www.artelatum.com\/de\/wp-json\/wp\/v2\/comments?post=455"}],"version-history":[{"count":29,"href":"https:\/\/www.artelatum.com\/de\/wp-json\/wp\/v2\/pages\/455\/revisions"}],"predecessor-version":[{"id":1242,"href":"https:\/\/www.artelatum.com\/de\/wp-json\/wp\/v2\/pages\/455\/revisions\/1242"}],"wp:attachment":[{"href":"https:\/\/www.artelatum.com\/de\/wp-json\/wp\/v2\/media?parent=455"}],"curies":[{"name":"wp","href":"https:\/\/api.w.org\/{rel}","templated":true}]}}