{"id":270,"date":"2023-08-23T15:22:45","date_gmt":"2023-08-23T13:22:45","guid":{"rendered":"https:\/\/www.artelatum.com\/impressum\/"},"modified":"2024-11-24T11:55:51","modified_gmt":"2024-11-24T09:55:51","slug":"impressum","status":"publish","type":"page","link":"https:\/\/www.artelatum.com\/en\/impressum\/","title":{"rendered":"Impressum"},"content":{"rendered":"\r\n<p>&nbsp;<\/p>\r\n\r\n\r\n\r\n<p>arteLatum Executive Consulting<\/p>\r\n\r\n\r\n\r\n<p>R\u00fcckertstrasse 20<br \/>D-Saarbr\u00fccken<\/p>\r\n\r\n\r\n\r\n<p>Tel. +49 176 62 04 75 68<br \/>Email info@artelatum.org<\/p>\r\n\r\n\r\n\r\n<p>Gesch\u00e4ftsf\u00fchrerin: Fr\u00e9d\u00e9rique Genton<\/p>\r\n\r\n\r\n\r\n<p>Inhaltlich verantwortlich: Fr\u00e9d\u00e9rique Genton<\/p>\r\n\r\n\r\n\r\n<p>&nbsp;<\/p>\r\n\r\n\r\n\r\n<p>Umsatzsteuer-Ident.-Nr: DE 285 18 05 84<\/p>\r\n\r\n\r\n\r\n<p>Haftungshinweis <br \/>F\u00fcr den Inhalt der verlinkten Seiten sind ausschlie\u00dflich deren Betreiber<br \/>verantwortlich. Wir \u00fcbernehmen keine Haftung f\u00fcr die Inhalte.<br \/>Fotos <br \/>Alle Bilder auf dieser Website sind urheberrechtlich gesch\u00fctzt und d\u00fcrfen<br \/>nicht kopiert, gespeichert und\/ oder weitergegeben werden, au\u00dfer der<br \/>Betreiber der Website oder der Urheber der Fotografien (bei gekauften<br \/>Bildern aus Bilddatenbanken) gibt seine schriftliche Einwilligung dazu.<br \/>Urheberrecht <br \/>Die auf dieser Website ver\u00f6ffentlichten Inhalte und Werke sind<br \/>urheberrechtlich gesch\u00fctzt. Jede vom deutschen Urheberrecht nicht<br \/>zugelassene Verwertung bedarf der vorherigen schriftlichen Zustimmung<br \/>des jeweiligen Autors oder Urhebers. Dies gilt insbesondere f\u00fcr<br \/>Vervielf\u00e4ltigung, Bearbeitung, \u00dcbersetzung, Einspeicherung, Verarbeitung<br \/>bzw. Wiedergabe von Inhalten in Datenbanken oder anderen<br \/>elektronischen Medien und Systemen. Inhalte und Beitr\u00e4ge Dritter sind<br \/>dabei als solche gekennzeichnet. Die unerlaubte Vervielf\u00e4ltigung oder<br \/>Weitergabe einzelner Inhalte oder kompletter Seiten ist nicht gestattet und<\/p>\r\n\r\n\r\n\r\n<p>strafbar. Lediglich die Herstellung von Kopien und Downloads f\u00fcr den<br \/>pers\u00f6nlichen, privaten und nicht kommerziellen Gebrauch ist erlaubt. Links<br \/>zur Website des Anbieters sind jederzeit willkommen und bed\u00fcrfen keiner<br \/>Zustimmung durch den Anbieter der Website. Die Darstellung dieser<br \/>Website in fremden Frames ist nur mit Erlaubnis zul\u00e4ssig.<\/p>\r\n\r\n\r\n\r\n<p>Webdesign<br \/>Andr\u00e9 Piti\u00e9, Berlin<br \/><br \/>2023 by ArteLATUM GmbH<\/p>\r\n","protected":false},"excerpt":{"rendered":"<p>&nbsp; arteLatum Executive Consulting R\u00fcckertstrasse 20D-Saarbr\u00fccken Tel. +49 176 62 04 75 68Email info@artelatum.org Gesch\u00e4ftsf\u00fchrerin: Fr\u00e9d\u00e9rique Genton Inhaltlich verantwortlich: Fr\u00e9d\u00e9rique Genton &nbsp; Umsatzsteuer-Ident.-Nr: DE 285 18 05 84 Haftungshinweis F\u00fcr den Inhalt der verlinkten Seiten sind ausschlie\u00dflich deren Betreiberverantwortlich. Wir \u00fcbernehmen keine Haftung f\u00fcr die Inhalte.Fotos Alle Bilder auf dieser Website sind urheberrechtlich gesch\u00fctzt und &hellip;<\/p>\n<p class=\"read-more\"> <a class=\"\" href=\"https:\/\/www.artelatum.com\/en\/impressum\/\"> <span class=\"screen-reader-text\">Impressum<\/span> Read More \u00bb<\/a><\/p>\n","protected":false},"author":1,"featured_media":0,"parent":0,"menu_order":0,"comment_status":"closed","ping_status":"closed","template":"","meta":{"_uag_custom_page_level_css":"","site-sidebar-layout":"default","site-content-layout":"","ast-site-content-layout":"narrow-width-container","site-content-style":"default","site-sidebar-style":"default","ast-global-header-display":"","ast-banner-title-visibility":"","ast-main-header-display":"","ast-hfb-above-header-display":"","ast-hfb-below-header-display":"","ast-hfb-mobile-header-display":"","site-post-title":"","ast-breadcrumbs-content":"","ast-featured-img":"","footer-sml-layout":"","theme-transparent-header-meta":"default","adv-header-id-meta":"","stick-header-meta":"default","header-above-stick-meta":"","header-main-stick-meta":"","header-below-stick-meta":"","astra-migrate-meta-layouts":"set","footnotes":""},"class_list":["post-270","page","type-page","status-publish","hentry"],"uagb_featured_image_src":{"full":false,"thumbnail":false,"medium":false,"medium_large":false,"large":false,"1536x1536":false,"2048x2048":false},"uagb_author_info":{"display_name":"admin","author_link":"https:\/\/www.artelatum.com\/en\/author\/admin\/"},"uagb_comment_info":0,"uagb_excerpt":"&nbsp; arteLatum Executive Consulting R\u00fcckertstrasse 20D-Saarbr\u00fccken Tel. +49 176 62 04 75 68Email info@artelatum.org Gesch\u00e4ftsf\u00fchrerin: Fr\u00e9d\u00e9rique Genton Inhaltlich verantwortlich: Fr\u00e9d\u00e9rique Genton &nbsp; Umsatzsteuer-Ident.-Nr: DE 285 18 05 84 Haftungshinweis F\u00fcr den Inhalt der verlinkten Seiten sind ausschlie\u00dflich deren Betreiberverantwortlich. Wir \u00fcbernehmen keine Haftung f\u00fcr die Inhalte.Fotos Alle Bilder auf dieser Website sind urheberrechtlich gesch\u00fctzt und&hellip;","_links":{"self":[{"href":"https:\/\/www.artelatum.com\/en\/wp-json\/wp\/v2\/pages\/270","targetHints":{"allow":["GET"]}}],"collection":[{"href":"https:\/\/www.artelatum.com\/en\/wp-json\/wp\/v2\/pages"}],"about":[{"href":"https:\/\/www.artelatum.com\/en\/wp-json\/wp\/v2\/types\/page"}],"author":[{"embeddable":true,"href":"https:\/\/www.artelatum.com\/en\/wp-json\/wp\/v2\/users\/1"}],"replies":[{"embeddable":true,"href":"https:\/\/www.artelatum.com\/en\/wp-json\/wp\/v2\/comments?post=270"}],"version-history":[{"count":2,"href":"https:\/\/www.artelatum.com\/en\/wp-json\/wp\/v2\/pages\/270\/revisions"}],"predecessor-version":[{"id":1861,"href":"https:\/\/www.artelatum.com\/en\/wp-json\/wp\/v2\/pages\/270\/revisions\/1861"}],"wp:attachment":[{"href":"https:\/\/www.artelatum.com\/en\/wp-json\/wp\/v2\/media?parent=270"}],"curies":[{"name":"wp","href":"https:\/\/api.w.org\/{rel}","templated":true}]}}